{"id":479,"date":"2012-10-29T20:36:39","date_gmt":"2012-10-29T19:36:39","guid":{"rendered":"http:\/\/www.matbitenhudik.se\/?page_id=479"},"modified":"2012-10-30T06:48:23","modified_gmt":"2012-10-30T05:48:23","slug":"meny","status":"publish","type":"page","link":"https:\/\/www.matbitenhudik.se\/?page_id=479","title":{"rendered":"Meny"},"content":{"rendered":"<p><em><strong>F\u00f6rr\u00e4tt<\/strong>\u00a0\u00a0<\/em>\u00a0<\/p>\n<ul>\n<li>laxrulle med r\u00e4kr\u00f6ra och sparris &amp;<em> f\u00e4nk\u00e5l sallad 57 kr ex moms<\/em><\/li>\n<li><em>H\u00e4lsing greveostpaj med romcrem\u00e9 57 kr ex moms<\/em><\/li>\n<\/ul>\n<p><strong><em>Varmr\u00e4tt<\/em><\/strong><\/p>\n<ul>\n<li>Ryggbiff med potatisgrat\u00e4ng &amp; basilikasky samt grillade gr\u00f6nsaker 180 kr ex moms<\/li>\n<li>V\u00e4sterbottenost fylld fl\u00e4skfil\u00e9 med kantarells\u00e5s &amp; klyftpotatis 155 kr ex moms<\/li>\n<\/ul>\n<p><strong><em>Dessert<\/em><\/strong><\/p>\n<ul>\n<li>Tobleronekaka med l\u00e4ttvispad gr\u00e4dde 55 kr ex moms<\/li>\n<li>Vaniljpannacotta med hallonr\u00f6ra 55 kr ex moms<\/li>\n<\/ul>\n","protected":false},"excerpt":{"rendered":"<p>F\u00f6rr\u00e4tt\u00a0\u00a0\u00a0 laxrulle med r\u00e4kr\u00f6ra och sparris &amp; f\u00e4nk\u00e5l sallad 57 kr ex moms H\u00e4lsing greveostpaj med romcrem\u00e9 57 kr ex moms Varmr\u00e4tt Ryggbiff med potatisgrat\u00e4ng &amp; basilikasky samt grillade gr\u00f6nsaker 180 kr ex moms V\u00e4sterbottenost fylld fl\u00e4skfil\u00e9 med kantarells\u00e5s &amp; klyftpotatis 155 kr ex moms Dessert Tobleronekaka med l\u00e4ttvispad gr\u00e4dde 55 kr ex moms Vaniljpannacotta [&hellip;]<\/p>\n","protected":false},"author":2,"featured_media":0,"parent":0,"menu_order":0,"comment_status":"closed","ping_status":"closed","template":"","meta":{"advanced_seo_description":"","jetpack_seo_html_title":"","jetpack_seo_noindex":false,"footnotes":""},"class_list":["post-479","page","type-page","status-publish","hentry"],"jetpack_sharing_enabled":true,"jetpack_shortlink":"https:\/\/wp.me\/P8HAWt-7J","_links":{"self":[{"href":"https:\/\/www.matbitenhudik.se\/index.php?rest_route=\/wp\/v2\/pages\/479","targetHints":{"allow":["GET"]}}],"collection":[{"href":"https:\/\/www.matbitenhudik.se\/index.php?rest_route=\/wp\/v2\/pages"}],"about":[{"href":"https:\/\/www.matbitenhudik.se\/index.php?rest_route=\/wp\/v2\/types\/page"}],"author":[{"embeddable":true,"href":"https:\/\/www.matbitenhudik.se\/index.php?rest_route=\/wp\/v2\/users\/2"}],"replies":[{"embeddable":true,"href":"https:\/\/www.matbitenhudik.se\/index.php?rest_route=%2Fwp%2Fv2%2Fcomments&post=479"}],"version-history":[{"count":3,"href":"https:\/\/www.matbitenhudik.se\/index.php?rest_route=\/wp\/v2\/pages\/479\/revisions"}],"predecessor-version":[{"id":606,"href":"https:\/\/www.matbitenhudik.se\/index.php?rest_route=\/wp\/v2\/pages\/479\/revisions\/606"}],"wp:attachment":[{"href":"https:\/\/www.matbitenhudik.se\/index.php?rest_route=%2Fwp%2Fv2%2Fmedia&parent=479"}],"curies":[{"name":"wp","href":"https:\/\/api.w.org\/{rel}","templated":true}]}}